{"id":76,"date":"2012-05-14T19:17:15","date_gmt":"2012-05-14T19:17:15","guid":{"rendered":"http:\/\/steuerkanzlei-vonhollen.de\/?page_id=76"},"modified":"2026-04-01T08:40:01","modified_gmt":"2026-04-01T08:40:01","slug":"impressum","status":"publish","type":"page","link":"http:\/\/steuerkanzlei-vonhollen.de\/?page_id=76","title":{"rendered":"Impressum"},"content":{"rendered":"<p><span style=\"color: #000000;\">Allgemeines<br \/>\nAlle verwendeten Texte, Bilder und sonstigen Angaben unterliegen dem Copyright und d\u00fcrfen nur nach vorheriger schriftlicher Genehmigung verwendet werden.<br \/>\nIch \u00a0behalte mir ausdr\u00fccklich eine jederzeitige Ver\u00e4nderung, Aktualisierung oder L\u00f6schung von Inhalten dieses Internetauftritts vor.<\/span><\/p>\n<p><span style=\"color: #000000;\">Pflichtangaben<\/span><br \/>\n<span style=\"color: #000000;\"> Verantwortliche\/ Herausgeberin\/ Vertretungsberechtigte:<\/span><\/p>\n<p><span style=\"color: #000000;\">Ines von Hollen<\/span><br \/>\n<span style=\"color: #000000;\"> Steuerberaterin<\/span><br \/>\n<span style=\"color: #000000;\">Kiebitzweg 4<\/span><br \/>\n<span style=\"color: #000000;\"> 26209 Hatten<\/span><\/p>\n<p><span style=\"color: #000000;\">Telefon: 04481\/ 90 59 99 5<\/span><br \/>\n<span style=\"color: #000000;\"> Telefax: 04481\/ 90 59 99 6<\/span><br \/>\n<span style=\"color: #000000;\"> Mobil:\u00a0\u00a0\u00a0\u00a0 0173\/ 19 77 15 9<\/span><\/p>\n<p><span style=\"color: #000000;\">Internet: www.steuerkanzlei-vonHollen.de<\/span><\/p>\n<p><span style=\"color: #000000;\">Steuerliche Identifikation:<\/span><br \/>\n<span style=\"color: #000000;\">DE330531568<\/span><\/p>\n<p><span style=\"color: #000000;\">Zust\u00e4ndige Aufsichtsbeh\u00f6rde:<\/span><br \/>\n<span style=\"color: #000000;\"> Steuerberaterkammer Niedersachsen (K\u00f6rperschaft des \u00f6ffentlichen Rechts)<\/span><br \/>\n<span style=\"color: #000000;\"> Adenauerallee 20<\/span><br \/>\n<span style=\"color: #000000;\"> 30715 Hannover<\/span><\/p>\n<p><span style=\"color: #000000;\">Es gelten f\u00fcr den Berufsstand der Steuerberater im Wesentlichen die nachfolgend genannten berufsrechtlichen Regelungen :<\/span><\/p>\n<p><span style=\"color: #000000;\">&#8211; Steuerberatungsgesetz (StBerG)<\/span><br \/>\n<span style=\"color: #000000;\"> &#8211; Durchf\u00fchrungsverordnung zum Steuerberatungsgesetz (DVStB)<\/span><br \/>\n<span style=\"color: #000000;\"> &#8211; Berufsordnung der Bundessteuerberaterkammer (BOStB)<\/span><br \/>\n<span style=\"color: #000000;\"> &#8211; Steuerberatergeb\u00fchrenverordnung (StBGebV),<\/span><\/p>\n<p><span style=\"color: #000000;\">Die gesetzliche Berufsbezeichnung &#8222;Steuerberaterin&#8220; wurde in der Bundesrepublik Deutschland verliehen.<\/span><\/p>\n<div align=\"center\">\n<hr align=\"center\" size=\"2\" width=\"100%\" \/>\n<\/div>\n<p style=\"text-align: justify;\"><span style=\"color: #000000;\">Honorarangaben<\/span><br \/>\n<span style=\"color: #000000;\"> Die Honorare f\u00fcr die \u00a0T\u00e4tigkeit als Steuerberater werden grunds\u00e4tzlich nach der Steuerberatergeb\u00fchrenverordnung berechnet. Andere als die nach der Steuerberatergeb\u00fchrenverordnung abzurechnenden Leistungen, insbesondere im Bereich der betriebswirtschaftlichen Beratung, werden grunds\u00e4tzlich auf der Basis individueller Vereinbarungen abgerechnet.<\/span><\/p>\n<div align=\"center\">\n<hr align=\"center\" size=\"2\" width=\"100%\" \/>\n<\/div>\n<p style=\"text-align: justify;\"><span style=\"color: #000000;\">Berufshaftpflichtversicherung<\/span><br \/>\n<span style=\"color: #000000;\"> Die f\u00fcr Steuerberater gesetzlich vorgeschriebene Verm\u00f6gensschaden-Haftpflichtversicherung besteht bei der Gothaer Allgemeine Versicherungs AG, Deutschland. Die Postanschrift lautet: 50598 K\u00f6ln. Der r\u00e4umliche Geltungsbereich erstreckt sich auf die Bundesrepublik Deutschland.<\/span><\/p>\n<div style=\"text-align: justify;\" align=\"center\">\n<hr align=\"center\" size=\"2\" width=\"100%\" \/>\n<\/div>\n<p><span style=\"color: #000000;\">Gerichtsstand<\/span><br \/>\n<span style=\"color: #000000;\"> Vorbehaltlich abweichender gesetzlichen Regelungen ist der Gerichtsstand: Oldenburg.<\/span><\/p>\n<div align=\"center\">\n<hr align=\"center\" size=\"2\" width=\"100%\" \/>\n<\/div>\n<p style=\"text-align: justify;\"><span style=\"color: #000000;\">Allgemeine Auftragsbedingungen<\/span><br \/>\n<span style=\"color: #000000;\"> F\u00fcr die Durchf\u00fchrung der Auftr\u00e4ge und Verantwortlichkeiten, auch im Verh\u00e4ltnis zu Dritten, sind die &#8222;Allgemeine Auftragsbedingungen f\u00fcr Steuerberater, Steuerbevollm\u00e4chtigte und Steuerberatungsgesellschaften&#8220; ma\u00dfgebend.<\/span><\/p>\n<div style=\"text-align: justify;\" align=\"center\">\n<hr align=\"center\" size=\"2\" width=\"100%\" \/>\n<\/div>\n<p style=\"text-align: justify;\"><span style=\"color: #000000;\">Haftungsausschluss<\/span><br \/>\n<span style=\"color: #000000;\"> Es wird seitens des Herausgebers keine Gew\u00e4hr f\u00fcr die Richtigkeit, Vollst\u00e4ndigkeit und st\u00e4ndige Aktualit\u00e4t der bereitgestellten Informationen \u00fcbernommen. Jedwede Haftung f\u00fcr Sch\u00e4den aller Art aus der Nutzung dieses Online-Angebotes wird ausdr\u00fccklich ausgeschlossen. Die dargestellten Leistungen stellen unverbindliche Angebote dar und ersetzen nicht die bei Erteilung eines konkreten Auftrages erforderlichen Einzelvereinbarungen bez\u00fcglich Inhalt und Verg\u00fctung der Leistungen. Sollten einzelne Informationen der Seiten sich als unrichtig, unvollst\u00e4ndig oder nicht mehr aktuell erweisen, so bleibt die G\u00fcltigkeit der \u00fcbrigen Informationen der Seiten hiervon unber\u00fchrt.<\/span><\/p>\n<div align=\"center\">\n<hr align=\"center\" size=\"2\" width=\"100%\" \/>\n<\/div>\n<p style=\"text-align: justify;\"><span style=\"color: #000000;\">Datenschutzerkl\u00e4rung<\/span><br \/>\n<span style=\"color: #000000;\"> Soweit Sie uns Ihre pers\u00f6nlichen Daten im Rahmen einer Online-Anfrage \u00fcbermitteln, setzen wir Ihr Einverst\u00e4ndnis zur entsprechenden Nutzung durch das B\u00fcro im Rahmen Ihrer Anfrage voraus. Eine weitergehende Nutzung Ihrer personenbezogenen Daten sowie eine Weitergabe an Dritte erfolgt in diesem Zusammenhang nicht. Wir weisen darauf hin, dass sich auf diesen Seiten externe Links zu Seiten fremder Dritte befinden und obige Erkl\u00e4rung zum Schutz personenbezogener Daten f\u00fcr diese Link-Seiten nicht gilt. Wir \u00fcbernehmen keine Verantwortung f\u00fcr Gestaltung, Inhalt und Gefahren beim Aufrufen dieser externen Seiten.<\/span><\/p>\n<div align=\"center\">\n<hr align=\"center\" size=\"2\" width=\"100%\" \/>\n<\/div>\n<p><span style=\"color: #000000;\">Bildnachweis<\/span><\/p>\n<p><span style=\"color: #000000;\">Portraits Foto und Bilderwerk, bilderwerk.org<br \/>\nFotolia.com mit den ID\u00b4s: 15075152, 38089167, 38883653, 6142329, 30069285, 27530238, 301110228, 23852249, 43762108, 46481320<br \/>\n<\/span><\/p>\n","protected":false},"excerpt":{"rendered":"<p>Allgemeines Alle verwendeten Texte, Bilder und sonstigen Angaben unterliegen dem Copyright und d\u00fcrfen nur nach vorheriger schriftlicher Genehmigung verwendet werden. Ich \u00a0behalte mir ausdr\u00fccklich eine jederzeitige Ver\u00e4nderung, Aktualisierung oder L\u00f6schung von Inhalten dieses Internetauftritts vor. Pflichtangaben Verantwortliche\/ Herausgeberin\/ Vertretungsberechtigte: Ines &hellip; <a href=\"http:\/\/steuerkanzlei-vonhollen.de\/?page_id=76\">Weiterlesen <span class=\"meta-nav\">&rarr;<\/span><\/a><\/p>\n","protected":false},"author":2,"featured_media":0,"parent":38,"menu_order":2,"comment_status":"closed","ping_status":"closed","template":"","meta":{"footnotes":""},"class_list":["post-76","page","type-page","status-publish","hentry"],"_links":{"self":[{"href":"http:\/\/steuerkanzlei-vonhollen.de\/index.php?rest_route=\/wp\/v2\/pages\/76","targetHints":{"allow":["GET"]}}],"collection":[{"href":"http:\/\/steuerkanzlei-vonhollen.de\/index.php?rest_route=\/wp\/v2\/pages"}],"about":[{"href":"http:\/\/steuerkanzlei-vonhollen.de\/index.php?rest_route=\/wp\/v2\/types\/page"}],"author":[{"embeddable":true,"href":"http:\/\/steuerkanzlei-vonhollen.de\/index.php?rest_route=\/wp\/v2\/users\/2"}],"replies":[{"embeddable":true,"href":"http:\/\/steuerkanzlei-vonhollen.de\/index.php?rest_route=%2Fwp%2Fv2%2Fcomments&post=76"}],"version-history":[{"count":32,"href":"http:\/\/steuerkanzlei-vonhollen.de\/index.php?rest_route=\/wp\/v2\/pages\/76\/revisions"}],"predecessor-version":[{"id":810,"href":"http:\/\/steuerkanzlei-vonhollen.de\/index.php?rest_route=\/wp\/v2\/pages\/76\/revisions\/810"}],"up":[{"embeddable":true,"href":"http:\/\/steuerkanzlei-vonhollen.de\/index.php?rest_route=\/wp\/v2\/pages\/38"}],"wp:attachment":[{"href":"http:\/\/steuerkanzlei-vonhollen.de\/index.php?rest_route=%2Fwp%2Fv2%2Fmedia&parent=76"}],"curies":[{"name":"wp","href":"https:\/\/api.w.org\/{rel}","templated":true}]}}