{"id":758,"date":"2018-10-22T07:53:58","date_gmt":"2018-10-22T07:53:58","guid":{"rendered":"http:\/\/steuerkanzlei-vonhollen.de\/?page_id=758"},"modified":"2018-10-22T07:54:27","modified_gmt":"2018-10-22T07:54:27","slug":"datenschutzerklaerung-nach-der-dsgvo","status":"publish","type":"page","link":"http:\/\/steuerkanzlei-vonhollen.de\/?page_id=758","title":{"rendered":"Datenschutzerkl\u00e4rung nach der DSGVO"},"content":{"rendered":"<h4>Datenschutzerkl\u00e4rung nach der DSGVO<\/h4>\n<p>Der Schutz Ihrer personenbezogenen Daten bei der Erhebung, Verarbeitung und Nutzung anl\u00e4sslich Ihres Besuchs auf unserer Homepage und in unserer Kanzlei ist uns ein wichtiges Anliegen. Ihre Daten werden im Rahmen der gesetzlichen Vorschriften nach der EU-DSGVO verarbeitet und gesch\u00fctzt. Nachfolgend finden Sie Informationen, welche Daten w\u00e4hrend Ihres Besuchs auf der Homepage erfasst und wie diese genutzt werden:<\/p>\n<h4>1. ERHEBUNG UND VERARBEITUNG VON DATEN<\/h4>\n<p>Jeder Zugriff auf unsere Homepage und jeder Abruf einer auf der Homepage hinterlegten Datei werden protokolliert. Die Speicherung dient internen systembezogenen und statistischen Zwecken. Protokolliert werden: Name der abgerufenen Datei, Datum und Uhrzeit des Abrufs, \u00fcbertragene Datenmenge, Meldung \u00fcber erfolgreichen Abruf, Webbrowser und anfragende Domain.<\/p>\n<p>Zus\u00e4tzlich werden die IP Adressen der anfragenden Rechner protokolliert.<\/p>\n<p>Die Verwendung von Cookies und Server-Log-Dateien<\/p>\n<p>Die Internetseiten verwenden teilweise sogenannte Cookies. Cookies richten auf Ihrem Rechner keinen Schaden an und enthalten keine Viren. Cookies sind Textdateien, die auf Ihrem Rechner abgelegt werden und die Ihr Browser speichert.<\/p>\n<p>Die meisten verwendeten Cookies sind so genannte \u201cSession-Cookies\u201d. Sie werden nach Ende Ihres Besuchs automatisch gel\u00f6scht. Andere Cookies bleiben auf Ihrem Rechner gespeichert bis Sie diese l\u00f6schen. Diese Cookies erm\u00f6glichen es , Ihren Browser beim n\u00e4chsten Besuch wieder zuerkennen.<\/p>\n<p>Sie k\u00f6nnen Ihren Browser so einstellen, dass Sie \u00fcber das Setzen von Cookies informiert werden und Cookies nur im Einzelfall erlauben, die Annahme von Cookies f\u00fcr bestimmte F\u00e4lle oder generell ausschlie\u00dfen sowie das automatische L\u00f6schen der Cookies beim Schlie\u00dfen des Browser aktivieren. Bei der Deaktivierung von Cookies kann die Funktion einer Website eingeschr\u00e4nkt sein.<\/p>\n<p>Der Provider der Seiten erhebt und speichert automatisch Informationen in so genannten Server-Log-Dateien, die Ihr Browser automatisch an uns \u00fcbermittelt. Dies sind:<\/p>\n<ul>\n<li>Browsertyp und Browserversion<\/li>\n<li>verwendetes Betriebssystem<\/li>\n<li>Referrer URL<\/li>\n<li>Hostname des zugreifenden Rechners<\/li>\n<li>Uhrzeit der Serveranfrage<\/li>\n<li>IP-Adresse<\/li>\n<\/ul>\n<p>Weitergehende personenbezogene Daten werden nur erfasst, wenn Sie diese Angaben freiwillig, etwa im Rahmen einer Anfrage oder Registrierung, machen.Dies findet \u00fcber unserer Homepage nicht statt!<\/p>\n<h4>2. NUTZUNG UND WEITERGABE PERSONENBEZOGENER DATEN<\/h4>\n<p>Soweit Sie uns personenbezogene Daten zur Verf\u00fcgung gestellt haben, verwenden wir diese nur zur Beantwortung Ihrer Anfragen, zur Abwicklung mit Ihnen geschlossener Vertr\u00e4ge und f\u00fcr die technische Administration.<\/p>\n<p>Ihre personenbezogenen Daten werden an Dritte nur weitergegeben oder sonst \u00fcbermittelt, wenn dies zum Zwecke der Vertragsabwicklung \u2013 insbesondere Weitergabe von Bestelldaten an Lieferanten \u2013 erforderlich ist, dies zu Abrechnungszwecken erforderlich ist oder Sie zuvor eingewilligt haben. Sie haben das Recht, eine erteilte Einwilligung mit Wirkung f\u00fcr die Zukunft jederzeit zu widerrufen.<\/p>\n<p>Die L\u00f6schung der gespeicherten personenbezogenen Daten erfolgt, wenn Sie Ihre Einwilligung zur Speicherung widerrufen, wenn ihre Kenntnis zur Erf\u00fcllung des mit der Speicherung verfolgten Zwecks nicht mehr erforderlich ist oder wenn ihre Speicherung aus sonstigen gesetzlichen Gr\u00fcnden unzul\u00e4ssig ist.<\/p>\n<h4>3. AUSKUNFTSRECHT<\/h4>\n<p>Auf schriftliche Anfrage werden wir Sie gern \u00fcber die zu Ihrer Person gespeicherten Daten informieren.<\/p>\n<p>Rechte der Betroffenen<\/p>\n<ul>\n<li>Benachrichtigung wenn Daten verarbeitet werden, diese aber ohne die Kenntnis der Person erhoben wurden.<\/li>\n<li>Auskunft (Art. 15 DSGVO) dar\u00fcber welche Daten vorhanden sind.<\/li>\n<li>Berichtigung ( Art. 16 DSGVO ) wenn Daten falsch sind.<\/li>\n<li>L\u00f6schung ( Art. 17 DSGVO ) aller ihrer Daten ( gesetzliche ausgenommen).<\/li>\n<li>Einschr\u00e4nkung der Verarbeitung ( Art. 18 DSGVO), wenn L\u00f6schung nicht m\u00f6glich.<\/li>\n<li>Daten\u00fcbertragbarkeit ( Art. 20 DSGVO) Daten m\u00fcssen zur Verf\u00fcgung gestellt werden.<\/li>\n<li>Unterst\u00fctzung durch die Aufsichtsbeh\u00f6rde: Betroffene k\u00f6nnen sich an die Aufsichtsbeh\u00f6rde des Landes wenden.<\/li>\n<\/ul>\n<p>Sicherheitshinweis:<\/p>\n<p>Wir sind bem\u00fcht, Ihre personenbezogenen Daten durch Ergreifung aller technischen und organisatorischen M\u00f6glichkeiten so zu speichern, dass sie f\u00fcr Dritte nicht zug\u00e4nglich sind. Bei der Kommunikation per E-Mail kann die vollst\u00e4ndige Datensicherheit von uns nicht ! \u00a0gew\u00e4hrleistet werden, so dass wir Ihnen bei vertraulichen Informationen den Postweg empfehlen.<\/p>\n<p>Rechtm\u00e4\u00dfigkeit der Verarbeitung gem\u00e4\u00df Art.6 EU-DSGVO<\/p>\n<ul>\n<li>Die betroffene Person hat ihre Einwilligung gem\u00e4\u00df Art. 7 EU-DSGVO zu der Verarbeitung der sie betreffenden Daten gegeben ( Infoposter im Wartezimmer).<\/li>\n<li>Die Verarbeitung ist f\u00fcr die Erf\u00fcllung des Vertrages, dessen Vertragspartei die betroffene Person ist erforderlich.<\/li>\n<li>Die Verarbeitung ist zur Erf\u00fcllung einer rechtlichen Verpflichtung erforderlich.<\/li>\n<li>Die Verarbeitung ist erforderlich, um lebenswichtige Interessen der betroffenen Person zu sch\u00fctzen.<\/li>\n<li>Die Verarbeitung ist f\u00fcr die Wahrnehmung einer Aufgabe erforderlich, die im \u00f6ffentlichen Interesse unterliegt oder in Aus\u00fcbung \u00f6ffentlicher Gewalt erfolgt.<\/li>\n<li>Die Verarbeitung ist zur Wahrung der berechtigten Interessen des Verantwortlichen oder eines Dritten erforderlich, sofern nicht die Interessen oder Grundrechte und Grundfreiheiten der betroffenen Person, die den Schutz personenbezogener Daten erfordern, \u00fcberwiegen, insbesondere dann, wenn es sich bei der betroffenen Person um ein Kind handelt.<\/li>\n<li>Datenverarbeitung im Auftrag Art.28 EU-DSGVO dienen zur Wartung von Servern, IT- Komponenten, \u00dcbermittlung an die PVS B\u00fcdingen und an das Labor Mittelhessen ( hierzu liegen die jeweiligen Datenschutzerkl\u00e4rungen vor).<\/li>\n<\/ul>\n<p>&nbsp;<\/p>\n<p>Hat eine Form der Verarbeitung, insbesondere bei Verwendung neuer Technologien, aufgrund der Art, des Umfanges, der Umst\u00e4nde und der Zwecke der Verarbeitung voraussichtlich ein hohes Risiko f\u00fcr die Rechte und Freiheiten der nat\u00fcrlicher Personen zur Folge, so f\u00fchrt die Datenschutzverantwortliche<\/p>\n<p>(Ines von Hollen) vorab eine Absch\u00e4tzung der Folgen der vorgesehen Verarbeitungsvorg\u00e4nge f\u00fcr den Schutz personenbezogener Daten gem\u00e4\u00df Art 35 EU-DSGVO durch.<\/p>\n<p>Bei drohenden schwerwiegenden Beeintr\u00e4chtigungen f\u00fcr die Rechte oder schutzw\u00fcrdige Interessen der Betroffenen muss innerhalb von 72 Stunden eine Meldung an die Aufsichtsbeh\u00f6rde erfolgen nach Art.33 DSGVO.<\/p>\n<p>Ebenso erfolgt eine Information der betroffenen Person gem\u00e4\u00df Art. 34 DSGVO.<\/p>\n<p>Managementplan Datenschutz\/ Verarbeitungsablauf Steuerkanzlei von Hollen gem\u00e4\u00df Art.30 EU-DSVGO<\/p>\n<ul>\n<li>Diskretionszone an der Anmeldung muss eingehalten werden.<\/li>\n<li>Telefongespr\u00e4che werden in der Form gef\u00fchrt, dass andere Personen nicht mith\u00f6ren k\u00f6nnen.<\/li>\n<li>Bildschirme und Fax ist f\u00fcr Kunden nicht einsehbar und mit Bildschirmschoner und Passwort gesch\u00fctzt.<\/li>\n<li>Kundenakten sind nicht unbeaufsichtigt.<\/li>\n<li>Passwort kennt nur befugtes Personal.<\/li>\n<li>Computer sind durch ein aktuelles Virenschutzprogramm gesch\u00fctzt.<\/li>\n<li>Datensicherung erfolgt t\u00e4glich, die Daten werden verschlossen aufbewahrt.<\/li>\n<li>Datenverantwortliche ist Frau Ines von Hollen<\/li>\n<li>Die Dauer f\u00fcr die Speicherung und Aufbewahrung der personenbezogenen Daten ist die jeweilig gesetzliche Aufbewahrungsfrist.<\/li>\n<\/ul>\n<p>Bei Fragen zum Datenschutz wenden sie sich bitte an Ines von Hollen.<\/p>\n","protected":false},"excerpt":{"rendered":"<p>Datenschutzerkl\u00e4rung nach der DSGVO Der Schutz Ihrer personenbezogenen Daten bei der Erhebung, Verarbeitung und Nutzung anl\u00e4sslich Ihres Besuchs auf unserer Homepage und in unserer Kanzlei ist uns ein wichtiges Anliegen. Ihre Daten werden im Rahmen der gesetzlichen Vorschriften nach der &hellip; <a href=\"http:\/\/steuerkanzlei-vonhollen.de\/?page_id=758\">Weiterlesen <span class=\"meta-nav\">&rarr;<\/span><\/a><\/p>\n","protected":false},"author":2,"featured_media":0,"parent":38,"menu_order":3,"comment_status":"closed","ping_status":"closed","template":"","meta":{"footnotes":""},"class_list":["post-758","page","type-page","status-publish","hentry"],"_links":{"self":[{"href":"http:\/\/steuerkanzlei-vonhollen.de\/index.php?rest_route=\/wp\/v2\/pages\/758","targetHints":{"allow":["GET"]}}],"collection":[{"href":"http:\/\/steuerkanzlei-vonhollen.de\/index.php?rest_route=\/wp\/v2\/pages"}],"about":[{"href":"http:\/\/steuerkanzlei-vonhollen.de\/index.php?rest_route=\/wp\/v2\/types\/page"}],"author":[{"embeddable":true,"href":"http:\/\/steuerkanzlei-vonhollen.de\/index.php?rest_route=\/wp\/v2\/users\/2"}],"replies":[{"embeddable":true,"href":"http:\/\/steuerkanzlei-vonhollen.de\/index.php?rest_route=%2Fwp%2Fv2%2Fcomments&post=758"}],"version-history":[{"count":1,"href":"http:\/\/steuerkanzlei-vonhollen.de\/index.php?rest_route=\/wp\/v2\/pages\/758\/revisions"}],"predecessor-version":[{"id":762,"href":"http:\/\/steuerkanzlei-vonhollen.de\/index.php?rest_route=\/wp\/v2\/pages\/758\/revisions\/762"}],"up":[{"embeddable":true,"href":"http:\/\/steuerkanzlei-vonhollen.de\/index.php?rest_route=\/wp\/v2\/pages\/38"}],"wp:attachment":[{"href":"http:\/\/steuerkanzlei-vonhollen.de\/index.php?rest_route=%2Fwp%2Fv2%2Fmedia&parent=758"}],"curies":[{"name":"wp","href":"https:\/\/api.w.org\/{rel}","templated":true}]}}