{"id":58,"date":"2012-05-14T19:06:51","date_gmt":"2012-05-14T19:06:51","guid":{"rendered":"http:\/\/steuerkanzlei-vonhollen.de\/?page_id=58"},"modified":"2014-02-07T11:37:29","modified_gmt":"2014-02-07T11:37:29","slug":"individuelle-beratung","status":"publish","type":"page","link":"http:\/\/steuerkanzlei-vonhollen.de\/?page_id=58","title":{"rendered":"Individuelle Beratung"},"content":{"rendered":"<p style=\"text-align: center;\"><strong><span style=\"color: #6d1b29;\">&#8222;Eine gute Beratung kostet Sie Geld- <\/span><\/strong><\/p>\n<p style=\"text-align: center;\"><strong><span style=\"color: #6d1b29;\">fehlende Beratung wird Sie ein Verm\u00f6gen kosten!&#8220;<\/span><\/strong><\/p>\n<ul>\n<li>Analyse Ihres Unternehmens mittels Bilanzanalysen<\/li>\n<\/ul>\n<ul>\n<li>Erstellung der Kostenrechnung<\/li>\n<\/ul>\n<ul>\n<li>Erstellung von Liquidit\u00e4tspl\u00e4nen, Rentabilit\u00e4tsvorschauen und Planrechnungen<\/li>\n<\/ul>\n<ul>\n<li>Beratung in Investitions- und Finanzierungsfragen<img loading=\"lazy\" decoding=\"async\" class=\"alignright  wp-image-251\" title=\"L\u00f6sung\" src=\"http:\/\/steuerkanzlei-vonhollen.de\/wp-content\/uploads\/2012\/05\/Fotolia_27530238_XSl\u00f6sung1-300x199.jpg\" alt=\"\" width=\"188\" height=\"126\" srcset=\"http:\/\/steuerkanzlei-vonhollen.de\/wp-content\/uploads\/2012\/05\/Fotolia_27530238_XSl\u00f6sung1-300x199.jpg 300w, http:\/\/steuerkanzlei-vonhollen.de\/wp-content\/uploads\/2012\/05\/Fotolia_27530238_XSl\u00f6sung1.jpg 425w\" sizes=\"auto, (max-width: 188px) 100vw, 188px\" \/><\/li>\n<\/ul>\n<ul>\n<li>Erstellen von Soll\/Ist-Vergleichen<\/li>\n<\/ul>\n<ul>\n<li>Begleitung von Existenzgr\u00fcndungen und Beratung bei der Rechtsformwahl<\/li>\n<\/ul>\n<ul>\n<li>Pers\u00f6nliche, ziel- und l\u00f6sungsorientierte Beratung in allen Fragen rund um das Steuerrecht,\u00a0 Rechnungswesen\/Bilanzierung und Betriebswirtschaftslehre<\/li>\n<\/ul>\n<p style=\"text-align: center;\"><strong><span style=\"color: #6d1b29;\"><br \/>\n<\/span><\/strong><\/p>\n","protected":false},"excerpt":{"rendered":"<p>&#8222;Eine gute Beratung kostet Sie Geld- fehlende Beratung wird Sie ein Verm\u00f6gen kosten!&#8220; Analyse Ihres Unternehmens mittels Bilanzanalysen Erstellung der Kostenrechnung Erstellung von Liquidit\u00e4tspl\u00e4nen, Rentabilit\u00e4tsvorschauen und Planrechnungen Beratung in Investitions- und Finanzierungsfragen Erstellen von Soll\/Ist-Vergleichen Begleitung von Existenzgr\u00fcndungen und Beratung &hellip; <a href=\"http:\/\/steuerkanzlei-vonhollen.de\/?page_id=58\">Weiterlesen <span class=\"meta-nav\">&rarr;<\/span><\/a><\/p>\n","protected":false},"author":2,"featured_media":0,"parent":35,"menu_order":3,"comment_status":"closed","ping_status":"closed","template":"","meta":{"footnotes":""},"class_list":["post-58","page","type-page","status-publish","hentry"],"_links":{"self":[{"href":"http:\/\/steuerkanzlei-vonhollen.de\/index.php?rest_route=\/wp\/v2\/pages\/58","targetHints":{"allow":["GET"]}}],"collection":[{"href":"http:\/\/steuerkanzlei-vonhollen.de\/index.php?rest_route=\/wp\/v2\/pages"}],"about":[{"href":"http:\/\/steuerkanzlei-vonhollen.de\/index.php?rest_route=\/wp\/v2\/types\/page"}],"author":[{"embeddable":true,"href":"http:\/\/steuerkanzlei-vonhollen.de\/index.php?rest_route=\/wp\/v2\/users\/2"}],"replies":[{"embeddable":true,"href":"http:\/\/steuerkanzlei-vonhollen.de\/index.php?rest_route=%2Fwp%2Fv2%2Fcomments&post=58"}],"version-history":[{"count":55,"href":"http:\/\/steuerkanzlei-vonhollen.de\/index.php?rest_route=\/wp\/v2\/pages\/58\/revisions"}],"predecessor-version":[{"id":732,"href":"http:\/\/steuerkanzlei-vonhollen.de\/index.php?rest_route=\/wp\/v2\/pages\/58\/revisions\/732"}],"up":[{"embeddable":true,"href":"http:\/\/steuerkanzlei-vonhollen.de\/index.php?rest_route=\/wp\/v2\/pages\/35"}],"wp:attachment":[{"href":"http:\/\/steuerkanzlei-vonhollen.de\/index.php?rest_route=%2Fwp%2Fv2%2Fmedia&parent=58"}],"curies":[{"name":"wp","href":"https:\/\/api.w.org\/{rel}","templated":true}]}}