{"id":554,"date":"2013-01-27T18:48:54","date_gmt":"2013-01-27T18:48:54","guid":{"rendered":"http:\/\/steuerkanzlei-vonhollen.de\/?page_id=554"},"modified":"2014-01-08T09:37:18","modified_gmt":"2014-01-08T09:37:18","slug":"meine-mandanten","status":"publish","type":"page","link":"http:\/\/steuerkanzlei-vonhollen.de\/?page_id=554","title":{"rendered":"Mandanten"},"content":{"rendered":"<div class=\"mceTemp mceIEcenter\">\n<dl id=\"attachment_655\" class=\"wp-caption aligncenter\" style=\"width: 310px;\">\n<dt class=\"wp-caption-dt\"><a href=\"http:\/\/steuerkanzlei-vonhollen.de\/wp-content\/uploads\/2013\/01\/Fotolia_43762108_S-L\u00e4ufer.jpg\"><img loading=\"lazy\" decoding=\"async\" class=\"size-medium wp-image-655\" title=\"Erfolgskurs\" src=\"http:\/\/steuerkanzlei-vonhollen.de\/wp-content\/uploads\/2013\/01\/Fotolia_43762108_S-L\u00e4ufer-300x237.jpg\" alt=\"\" width=\"300\" height=\"237\" srcset=\"http:\/\/steuerkanzlei-vonhollen.de\/wp-content\/uploads\/2013\/01\/Fotolia_43762108_S-L\u00e4ufer-300x237.jpg 300w, http:\/\/steuerkanzlei-vonhollen.de\/wp-content\/uploads\/2013\/01\/Fotolia_43762108_S-L\u00e4ufer-379x300.jpg 379w, http:\/\/steuerkanzlei-vonhollen.de\/wp-content\/uploads\/2013\/01\/Fotolia_43762108_S-L\u00e4ufer.jpg 779w\" sizes=\"auto, (max-width: 300px) 100vw, 300px\" \/><\/a><\/dt>\n<dd class=\"wp-caption-dd\"><\/dd>\n<\/dl>\n<\/div>\n<p style=\"text-align: center;\">\u00a0Sind Sie schon auf Erfolgskurs?<\/p>\n<p style=\"text-align: center;\">Gerne begleite ich Sie auf Ihrem Erfolgskurs-sprechen Sie mich an!<\/p>\n<p>&nbsp;<\/p>\n<ul>\n<li><span style=\"color: #6d1b29;\">\u00a0<strong>Unternehmen<\/strong>, <strong>mit internem Rechnungswesen<\/strong><\/span><\/li>\n<\/ul>\n<p style=\"text-align: justify; padding-left: 30px;\">F\u00fcr die Erstellung Ihrer Jahresabschl\u00fcsse komme ich im Gro\u00dfraum Oldenburg sowie auch gerne \u00fcberregional zu Ihnen ins Unternehmen und analysiere zus\u00e4tzlich f\u00fcr Sie die innerbetrieblichen Prozesse, decke Verbesserungspotentiale auf und identifiziere Synergieeffekte, weil ich m\u00f6chte, dass die j\u00e4hrliche Abschlusserstellung f\u00fcr Sie den gr\u00f6\u00dftm\u00f6glichen Nutzen bringt. Die Erstellung eines Reportings mittels Bilanzkennzahlen ist f\u00fcr mich selbstverst\u00e4ndlich. Ebenso erstelle ich f\u00fcr Sie die betrieblichen Steuererkl\u00e4rungen sowie die Steuererkl\u00e4rungen der Gesellschafter.<\/p>\n<p style=\"text-align: justify; padding-left: 30px;\">Ich biete Ihnen also die Rundum- L\u00f6sung f\u00fcr Ihren Erfolg, so dass Sie Ihre Chancen nutzen, Risiken abwehren und zukunftsweisend die richtigen unternehmerischen Entscheidungen anhand eines transparenten Zahlenwerkes treffen k\u00f6nnen. Damit Sie sich auf das Wesentliche konzentrieren k\u00f6nnen, st\u00e4rke ich Ihnen den R\u00fccken, denn:\u00a0 Ihr Unternehmen liegt mir am Herzen!<\/p>\n<p>&nbsp;<\/p>\n<ul>\n<li><span style=\"color: #6d1b29;\"><strong>Freiberufler und Mittelst\u00e4ndler, ohne internes Rechnungswesen<\/strong><\/span><\/li>\n<\/ul>\n<p style=\"text-align: justify; padding-left: 30px;\">Ich \u00fcbernehme f\u00fcr Sie die Erstellung Ihrer Buchf\u00fchrung, betrieblichen Steuererkl\u00e4rungen und Jahresabschl\u00fcsse\/Gewinnermittlungen. Sie k\u00f6nnen sich mit Ihrer Kompetenz voll auf Ihr Kerngesch\u00e4ft konzentrieren und ich bin Ihr vertrauensvoller Ansprechpartner f\u00fcr steuerrechtliche und betriebswirtschaftliche Fragen Ihres Unternehmens.\u00a0 Ich m\u00f6chte, dass Sie Zeit haben, das zu tun, was Sie am besten k\u00f6nnen: denn das tue ich selbst auch am liebsten!<\/p>\n<p>&nbsp;<\/p>\n<ul>\n<li><span style=\"color: #6d1b29;\"><strong>Existenzgr\u00fcnder<\/strong><\/span><\/li>\n<\/ul>\n<p style=\"text-align: justify; padding-left: 30px;\">Von der ersten Idee \u00fcber die Erstellung eines Businessplans bis hin zur Umsetzung begleite ich Sie als vertrauensvoller und kompetenter Ansprechpartner mit betriebswirtschaftlichem und steuerrechtlichem Sachverstand bei der Verwirklichung Ihrer unternehmerischen Vision.<\/p>\n<p>&nbsp;<\/p>\n<p>&nbsp;<\/p>\n<ul>\n<li><span style=\"color: #6d1b29;\">\u00a0<strong>Privatpersonen<\/strong><\/span><\/li>\n<\/ul>\n<p style=\"text-align: justify; padding-left: 30px;\">Ich \u00fcbernehme f\u00fcr Sie die Abwicklung Ihrer Einkommensteuererkl\u00e4rung zielorientiert und erledige den f\u00fcr Sie \u201el\u00e4stigen Papierkram\u201c mit viel Sorgfalt. Gerne stehe ich Ihnen beratend zur Seite und k\u00fcmmere mich um die fristgerechte Abwicklung, die Korrespondenz mit dem Finanzamt sowie die Pr\u00fcfung Ihrer Steuerbescheide. Sie verbringen Ihre knappe Zeit lieber mit etwas, was Ihnen wirklich liegt!<\/p>\n<p>&nbsp;<\/p>\n<p>&nbsp;<\/p>\n<p>&nbsp;<\/p>\n<p>&nbsp;<\/p>\n","protected":false},"excerpt":{"rendered":"<p>\u00a0Sind Sie schon auf Erfolgskurs? Gerne begleite ich Sie auf Ihrem Erfolgskurs-sprechen Sie mich an! &nbsp; \u00a0Unternehmen, mit internem Rechnungswesen F\u00fcr die Erstellung Ihrer Jahresabschl\u00fcsse komme ich im Gro\u00dfraum Oldenburg sowie auch gerne \u00fcberregional zu Ihnen ins Unternehmen und analysiere &hellip; <a href=\"http:\/\/steuerkanzlei-vonhollen.de\/?page_id=554\">Weiterlesen <span class=\"meta-nav\">&rarr;<\/span><\/a><\/p>\n","protected":false},"author":2,"featured_media":0,"parent":0,"menu_order":3,"comment_status":"closed","ping_status":"open","template":"","meta":{"footnotes":""},"class_list":["post-554","page","type-page","status-publish","hentry"],"_links":{"self":[{"href":"http:\/\/steuerkanzlei-vonhollen.de\/index.php?rest_route=\/wp\/v2\/pages\/554","targetHints":{"allow":["GET"]}}],"collection":[{"href":"http:\/\/steuerkanzlei-vonhollen.de\/index.php?rest_route=\/wp\/v2\/pages"}],"about":[{"href":"http:\/\/steuerkanzlei-vonhollen.de\/index.php?rest_route=\/wp\/v2\/types\/page"}],"author":[{"embeddable":true,"href":"http:\/\/steuerkanzlei-vonhollen.de\/index.php?rest_route=\/wp\/v2\/users\/2"}],"replies":[{"embeddable":true,"href":"http:\/\/steuerkanzlei-vonhollen.de\/index.php?rest_route=%2Fwp%2Fv2%2Fcomments&post=554"}],"version-history":[{"count":64,"href":"http:\/\/steuerkanzlei-vonhollen.de\/index.php?rest_route=\/wp\/v2\/pages\/554\/revisions"}],"predecessor-version":[{"id":723,"href":"http:\/\/steuerkanzlei-vonhollen.de\/index.php?rest_route=\/wp\/v2\/pages\/554\/revisions\/723"}],"wp:attachment":[{"href":"http:\/\/steuerkanzlei-vonhollen.de\/index.php?rest_route=%2Fwp%2Fv2%2Fmedia&parent=554"}],"curies":[{"name":"wp","href":"https:\/\/api.w.org\/{rel}","templated":true}]}}