{"id":54,"date":"2012-05-14T19:04:25","date_gmt":"2012-05-14T19:04:25","guid":{"rendered":"http:\/\/steuerkanzlei-vonhollen.de\/?page_id=54"},"modified":"2023-03-15T18:20:42","modified_gmt":"2023-03-15T18:20:42","slug":"rechnungswesen","status":"publish","type":"page","link":"http:\/\/steuerkanzlei-vonhollen.de\/?page_id=54","title":{"rendered":"Rechnungswesen"},"content":{"rendered":"<ul>\n<li>Erstellung von Jahresabschl\u00fcssen und Gewinnermittlungen von Unternehmen verschiedenster Branchen und Rechtsformen\u00a0\u00a0\u00a0\u00a0\u00a0\u00a0\u00a0\u00a0\u00a0\u00a0\u00a0\u00a0\u00a0\u00a0\u00a0\u00a0\u00a0\u00a0\u00a0\u00a0\u00a0\u00a0\u00a0 <img loading=\"lazy\" decoding=\"async\" class=\"alignright size-thumbnail wp-image-238\" title=\"Bilanz\" src=\"http:\/\/steuerkanzlei-vonhollen.de\/wp-content\/uploads\/2012\/05\/Fotolia_30110228_S-bilanz-150x150.jpg\" alt=\"\" width=\"150\" height=\"150\" \/><\/li>\n<\/ul>\n<ul>\n<li>Erstellung von Zwischenabschl\u00fcssen, \u00a0Monats- und Quartalsreports, Konzernabschl\u00fcssen<\/li>\n<\/ul>\n<ul>\n<li>Einreichung zur Offenlegung der Jahresabschl\u00fcsse beim elektronischen Bundesanzeiger<\/li>\n<\/ul>\n<ul>\n<li>F\u00fchren der Finanz-und Lohnbuchhaltung einschlie\u00dflich Erstellung der Steuervoranmeldungen sowie der betriebswirtschaftlichen Auswertungen<\/li>\n<\/ul>\n<ul>\n<li>F\u00fchren der Anlagenbuchhaltung<\/li>\n<\/ul>\n<ul>\n<li>Erstellung von individuellen Reportings mittels Bilanzkennzahlen<\/li>\n<\/ul>\n<ul>\n<li>Beratung in allen Fragen der Bilanzierung<\/li>\n<\/ul>\n","protected":false},"excerpt":{"rendered":"<p>Erstellung von Jahresabschl\u00fcssen und Gewinnermittlungen von Unternehmen verschiedenster Branchen und Rechtsformen\u00a0\u00a0\u00a0\u00a0\u00a0\u00a0\u00a0\u00a0\u00a0\u00a0\u00a0\u00a0\u00a0\u00a0\u00a0\u00a0\u00a0\u00a0\u00a0\u00a0\u00a0\u00a0\u00a0 Erstellung von Zwischenabschl\u00fcssen, \u00a0Monats- und Quartalsreports, Konzernabschl\u00fcssen Einreichung zur Offenlegung der Jahresabschl\u00fcsse beim elektronischen Bundesanzeiger F\u00fchren der Finanz-und Lohnbuchhaltung einschlie\u00dflich Erstellung der Steuervoranmeldungen sowie der betriebswirtschaftlichen Auswertungen F\u00fchren der &hellip; <a href=\"http:\/\/steuerkanzlei-vonhollen.de\/?page_id=54\">Weiterlesen <span class=\"meta-nav\">&rarr;<\/span><\/a><\/p>\n","protected":false},"author":2,"featured_media":0,"parent":35,"menu_order":2,"comment_status":"closed","ping_status":"closed","template":"","meta":{"footnotes":""},"class_list":["post-54","page","type-page","status-publish","hentry"],"_links":{"self":[{"href":"http:\/\/steuerkanzlei-vonhollen.de\/index.php?rest_route=\/wp\/v2\/pages\/54","targetHints":{"allow":["GET"]}}],"collection":[{"href":"http:\/\/steuerkanzlei-vonhollen.de\/index.php?rest_route=\/wp\/v2\/pages"}],"about":[{"href":"http:\/\/steuerkanzlei-vonhollen.de\/index.php?rest_route=\/wp\/v2\/types\/page"}],"author":[{"embeddable":true,"href":"http:\/\/steuerkanzlei-vonhollen.de\/index.php?rest_route=\/wp\/v2\/users\/2"}],"replies":[{"embeddable":true,"href":"http:\/\/steuerkanzlei-vonhollen.de\/index.php?rest_route=%2Fwp%2Fv2%2Fcomments&post=54"}],"version-history":[{"count":14,"href":"http:\/\/steuerkanzlei-vonhollen.de\/index.php?rest_route=\/wp\/v2\/pages\/54\/revisions"}],"predecessor-version":[{"id":800,"href":"http:\/\/steuerkanzlei-vonhollen.de\/index.php?rest_route=\/wp\/v2\/pages\/54\/revisions\/800"}],"up":[{"embeddable":true,"href":"http:\/\/steuerkanzlei-vonhollen.de\/index.php?rest_route=\/wp\/v2\/pages\/35"}],"wp:attachment":[{"href":"http:\/\/steuerkanzlei-vonhollen.de\/index.php?rest_route=%2Fwp%2Fv2%2Fmedia&parent=54"}],"curies":[{"name":"wp","href":"https:\/\/api.w.org\/{rel}","templated":true}]}}