{"id":51,"date":"2012-05-14T19:03:01","date_gmt":"2012-05-14T19:03:01","guid":{"rendered":"http:\/\/steuerkanzlei-vonhollen.de\/?page_id=51"},"modified":"2023-03-15T18:18:35","modified_gmt":"2023-03-15T18:18:35","slug":"steuerrecht","status":"publish","type":"page","link":"http:\/\/steuerkanzlei-vonhollen.de\/?page_id=51","title":{"rendered":"Steuerrecht"},"content":{"rendered":"<ul>\n<li>Erstellung Ihrer betrieblichen Steuererkl\u00e4rungen<\/li>\n<\/ul>\n<ul>\n<li>Erstellung Ihrer privaten Steuererkl\u00e4rungen<\/li>\n<\/ul>\n<ul>\n<li>Pr\u00fcfen Ihrer Steuerbescheide und F\u00fchren von Rechtsbehelfen<\/li>\n<\/ul>\n<ul>\n<li>\u00dcbernahme des laufenden Kontakts mit den Finanzbeh\u00f6rden<\/li>\n<\/ul>\n<ul>\n<li>Begleitung und Unterst\u00fctzung bei Betriebspr\u00fcfungen<\/li>\n<\/ul>\n<ul>\n<li>Erstellung von Steuerbelastungsvergleichen und Steuerplanungen<\/li>\n<\/ul>\n","protected":false},"excerpt":{"rendered":"<p>Erstellung Ihrer betrieblichen Steuererkl\u00e4rungen Erstellung Ihrer privaten Steuererkl\u00e4rungen Pr\u00fcfen Ihrer Steuerbescheide und F\u00fchren von Rechtsbehelfen \u00dcbernahme des laufenden Kontakts mit den Finanzbeh\u00f6rden Begleitung und Unterst\u00fctzung bei Betriebspr\u00fcfungen Erstellung von Steuerbelastungsvergleichen und Steuerplanungen<\/p>\n","protected":false},"author":2,"featured_media":0,"parent":35,"menu_order":1,"comment_status":"closed","ping_status":"closed","template":"","meta":{"footnotes":""},"class_list":["post-51","page","type-page","status-publish","hentry"],"_links":{"self":[{"href":"http:\/\/steuerkanzlei-vonhollen.de\/index.php?rest_route=\/wp\/v2\/pages\/51","targetHints":{"allow":["GET"]}}],"collection":[{"href":"http:\/\/steuerkanzlei-vonhollen.de\/index.php?rest_route=\/wp\/v2\/pages"}],"about":[{"href":"http:\/\/steuerkanzlei-vonhollen.de\/index.php?rest_route=\/wp\/v2\/types\/page"}],"author":[{"embeddable":true,"href":"http:\/\/steuerkanzlei-vonhollen.de\/index.php?rest_route=\/wp\/v2\/users\/2"}],"replies":[{"embeddable":true,"href":"http:\/\/steuerkanzlei-vonhollen.de\/index.php?rest_route=%2Fwp%2Fv2%2Fcomments&post=51"}],"version-history":[{"count":24,"href":"http:\/\/steuerkanzlei-vonhollen.de\/index.php?rest_route=\/wp\/v2\/pages\/51\/revisions"}],"predecessor-version":[{"id":799,"href":"http:\/\/steuerkanzlei-vonhollen.de\/index.php?rest_route=\/wp\/v2\/pages\/51\/revisions\/799"}],"up":[{"embeddable":true,"href":"http:\/\/steuerkanzlei-vonhollen.de\/index.php?rest_route=\/wp\/v2\/pages\/35"}],"wp:attachment":[{"href":"http:\/\/steuerkanzlei-vonhollen.de\/index.php?rest_route=%2Fwp%2Fv2%2Fmedia&parent=51"}],"curies":[{"name":"wp","href":"https:\/\/api.w.org\/{rel}","templated":true}]}}