{"id":48,"date":"2012-05-14T19:01:51","date_gmt":"2012-05-14T19:01:51","guid":{"rendered":"http:\/\/steuerkanzlei-vonhollen.de\/?page_id=48"},"modified":"2013-09-14T07:42:30","modified_gmt":"2013-09-14T07:42:30","slug":"ziele-und-werte","status":"publish","type":"page","link":"http:\/\/steuerkanzlei-vonhollen.de\/?page_id=48","title":{"rendered":"Ziele und Werte"},"content":{"rendered":"<p>_________________________________________________________________________<\/p>\n<p><span style=\"font-size: large;\"><strong>Ziele<\/strong><span style=\"color: #6d1b29;\"><strong>\u00a0 <\/strong><\/span><\/span><span style=\"color: #000000;\"><strong><span style=\"color: #6d1b29;\">\u201eWas mich antreibt\u201c<\/span><img loading=\"lazy\" decoding=\"async\" class=\"alignright  wp-image-403\" title=\"Ziele anvisieren und gemeinsam erreichen\" src=\"http:\/\/steuerkanzlei-vonhollen.de\/wp-content\/uploads\/2012\/05\/Fotolia_23852249_XS-ziel1.jpg\" alt=\"\" width=\"287\" height=\"205\" srcset=\"http:\/\/steuerkanzlei-vonhollen.de\/wp-content\/uploads\/2012\/05\/Fotolia_23852249_XS-ziel1.jpg 410w, http:\/\/steuerkanzlei-vonhollen.de\/wp-content\/uploads\/2012\/05\/Fotolia_23852249_XS-ziel1-300x214.jpg 300w\" sizes=\"auto, (max-width: 287px) 100vw, 287px\" \/><\/strong><\/span><\/p>\n<ul>\n<li>Ihr Erfolg<\/li>\n<\/ul>\n<ul>\n<li>Ihre Zufriedenheit<\/li>\n<\/ul>\n<p>denn: <strong>Sie<\/strong> <strong>stehen im Mittelpunkt meines Handelns<\/strong>!<\/p>\n<p>&nbsp;<\/p>\n<p style=\"text-align: justify;\">Nichts kann mehr befl\u00fcgeln als zusammen mit Ihnen auf ein erfolgreiches Projekt zur\u00fcck zu blicken mit dem Sie sehr zufrieden sind und so unsere zuk\u00fcnftige Zusammenarbeit nachhaltig gest\u00e4rkt wird.<\/p>\n<p>__________________________________________________________________________<\/p>\n<p><span style=\"font-size: large;\"><strong>Werte<\/strong><\/span><span style=\"color: #6d1b29;\"><strong>\u00a0 \u201eWof\u00fcr ich stehe\u201c <\/strong><\/span><\/p>\n<ul>\n<li>Qualit\u00e4t<\/li>\n<\/ul>\n<ul>\n<li>hohes Engagement<img loading=\"lazy\" decoding=\"async\" class=\"alignright size-medium wp-image-266\" title=\"Hand in Hand f\u00fcr Ihren Erfolg\" src=\"http:\/\/steuerkanzlei-vonhollen.de\/wp-content\/uploads\/2012\/05\/Fotolia_38089167_S1-300x197.jpg\" alt=\"\" width=\"300\" height=\"197\" srcset=\"http:\/\/steuerkanzlei-vonhollen.de\/wp-content\/uploads\/2012\/05\/Fotolia_38089167_S1-300x197.jpg 300w, http:\/\/steuerkanzlei-vonhollen.de\/wp-content\/uploads\/2012\/05\/Fotolia_38089167_S1-455x300.jpg 455w, http:\/\/steuerkanzlei-vonhollen.de\/wp-content\/uploads\/2012\/05\/Fotolia_38089167_S1.jpg 854w\" sizes=\"auto, (max-width: 300px) 100vw, 300px\" \/><\/li>\n<\/ul>\n<ul>\n<li>Loyalit\u00e4t<\/li>\n<\/ul>\n<ul>\n<li>Integrit\u00e4t im Handeln<\/li>\n<\/ul>\n<ul>\n<li>Verschwiegenheit und Termintreue<\/li>\n<\/ul>\n<p>&nbsp;<\/p>\n<p style=\"text-align: justify;\">Ich bin Ihr vertrauensvoller Ansprechpartner f\u00fcr Ihre steuerrechtlichen und betriebswirtschaftlichen Fragen<em>.<\/em> Z\u00e4hlen Sie auf mich!<em><br \/>\n<\/em><\/p>\n<p><span style=\"font-size: xx-small;\"><em><br \/>\n<\/em><\/span><\/p>\n","protected":false},"excerpt":{"rendered":"<p>_________________________________________________________________________ Ziele\u00a0 \u201eWas mich antreibt\u201c Ihr Erfolg Ihre Zufriedenheit denn: Sie stehen im Mittelpunkt meines Handelns! &nbsp; Nichts kann mehr befl\u00fcgeln als zusammen mit Ihnen auf ein erfolgreiches Projekt zur\u00fcck zu blicken mit dem Sie sehr zufrieden sind und so &hellip; <a href=\"http:\/\/steuerkanzlei-vonhollen.de\/?page_id=48\">Weiterlesen <span class=\"meta-nav\">&rarr;<\/span><\/a><\/p>\n","protected":false},"author":2,"featured_media":0,"parent":33,"menu_order":2,"comment_status":"closed","ping_status":"closed","template":"","meta":{"footnotes":""},"class_list":["post-48","page","type-page","status-publish","hentry"],"_links":{"self":[{"href":"http:\/\/steuerkanzlei-vonhollen.de\/index.php?rest_route=\/wp\/v2\/pages\/48","targetHints":{"allow":["GET"]}}],"collection":[{"href":"http:\/\/steuerkanzlei-vonhollen.de\/index.php?rest_route=\/wp\/v2\/pages"}],"about":[{"href":"http:\/\/steuerkanzlei-vonhollen.de\/index.php?rest_route=\/wp\/v2\/types\/page"}],"author":[{"embeddable":true,"href":"http:\/\/steuerkanzlei-vonhollen.de\/index.php?rest_route=\/wp\/v2\/users\/2"}],"replies":[{"embeddable":true,"href":"http:\/\/steuerkanzlei-vonhollen.de\/index.php?rest_route=%2Fwp%2Fv2%2Fcomments&post=48"}],"version-history":[{"count":91,"href":"http:\/\/steuerkanzlei-vonhollen.de\/index.php?rest_route=\/wp\/v2\/pages\/48\/revisions"}],"predecessor-version":[{"id":707,"href":"http:\/\/steuerkanzlei-vonhollen.de\/index.php?rest_route=\/wp\/v2\/pages\/48\/revisions\/707"}],"up":[{"embeddable":true,"href":"http:\/\/steuerkanzlei-vonhollen.de\/index.php?rest_route=\/wp\/v2\/pages\/33"}],"wp:attachment":[{"href":"http:\/\/steuerkanzlei-vonhollen.de\/index.php?rest_route=%2Fwp%2Fv2%2Fmedia&parent=48"}],"curies":[{"name":"wp","href":"https:\/\/api.w.org\/{rel}","templated":true}]}}