{"id":38,"date":"2012-05-14T18:54:21","date_gmt":"2012-05-14T18:54:21","guid":{"rendered":"http:\/\/steuerkanzlei-vonhollen.de\/?page_id=38"},"modified":"2024-03-20T12:26:09","modified_gmt":"2024-03-20T12:26:09","slug":"kontakt","status":"publish","type":"page","link":"http:\/\/steuerkanzlei-vonhollen.de\/?page_id=38","title":{"rendered":"Kontakt"},"content":{"rendered":"<p><img decoding=\"async\" src=\"http:\/\/steuerkanzlei-vonhollen.de\/wp-content\/uploads\/2023\/03\/vonHollen-12051_FIN_K_Datei-768x1024.jpg\" \/><\/p>\n<p>(Foto: Foto und Bilderwerk)<\/p>\n<p><span style=\"color: #000000;\">Die Steuerkanzlei von Hollen steht Ihnen jederzeit gerne im Gro\u00dfraum Oldenburg sowie auch \u00fcberregional zur Verf\u00fcgung.<\/span><\/p>\n<p><span style=\"color: #000000;\">Setzen Sie sich einfach mit mir in Verbindung. Ich bin gerne f\u00fcr Sie da! F\u00fchlen Sie sich willkommen!<br \/>\n<\/span><\/p>\n<p><span style=\"color: #000000;\">Steuerkanzlei von Hollen<\/span><br \/>\n<span style=\"color: #000000;\">Kiebitzweg 4<\/span><br \/>\n<img loading=\"lazy\" decoding=\"async\" class=\"alignright size-medium wp-image-257\" title=\"Kontakt\" src=\"http:\/\/steuerkanzlei-vonhollen.de\/wp-content\/uploads\/2012\/05\/Fotolia_30069285_XSkontakt-300x197.jpg\" alt=\"\" width=\"300\" height=\"197\" srcset=\"http:\/\/steuerkanzlei-vonhollen.de\/wp-content\/uploads\/2012\/05\/Fotolia_30069285_XSkontakt-300x197.jpg 300w, http:\/\/steuerkanzlei-vonhollen.de\/wp-content\/uploads\/2012\/05\/Fotolia_30069285_XSkontakt.jpg 427w\" sizes=\"auto, (max-width: 300px) 100vw, 300px\" \/><span style=\"color: #000000;\">26209 Hatten\/Sandkrug<br \/>\n<\/span><\/p>\n<p><span style=\"color: #000000;\">Telefon: 04481\/ 90 59 99 5<\/span><br \/>\n<span style=\"color: #000000;\"> Telefax: 04481\/ 90 59 99 6<\/span><br \/>\n<span style=\"color: #000000;\"> Mobil: \u00a0 \u00a0 0173\/ 19 77 159<\/span><\/p>\n<p><span style=\"color: #000000;\">Internet: www.steuerkanzlei-vonHollen.de<\/span><\/p>\n","protected":false},"excerpt":{"rendered":"<p>(Foto: Foto und Bilderwerk) Die Steuerkanzlei von Hollen steht Ihnen jederzeit gerne im Gro\u00dfraum Oldenburg sowie auch \u00fcberregional zur Verf\u00fcgung. Setzen Sie sich einfach mit mir in Verbindung. Ich bin gerne f\u00fcr Sie da! F\u00fchlen Sie sich willkommen! Steuerkanzlei von &hellip; <a href=\"http:\/\/steuerkanzlei-vonhollen.de\/?page_id=38\">Weiterlesen <span class=\"meta-nav\">&rarr;<\/span><\/a><\/p>\n","protected":false},"author":2,"featured_media":0,"parent":0,"menu_order":5,"comment_status":"closed","ping_status":"closed","template":"","meta":{"footnotes":""},"class_list":["post-38","page","type-page","status-publish","hentry"],"_links":{"self":[{"href":"http:\/\/steuerkanzlei-vonhollen.de\/index.php?rest_route=\/wp\/v2\/pages\/38","targetHints":{"allow":["GET"]}}],"collection":[{"href":"http:\/\/steuerkanzlei-vonhollen.de\/index.php?rest_route=\/wp\/v2\/pages"}],"about":[{"href":"http:\/\/steuerkanzlei-vonhollen.de\/index.php?rest_route=\/wp\/v2\/types\/page"}],"author":[{"embeddable":true,"href":"http:\/\/steuerkanzlei-vonhollen.de\/index.php?rest_route=\/wp\/v2\/users\/2"}],"replies":[{"embeddable":true,"href":"http:\/\/steuerkanzlei-vonhollen.de\/index.php?rest_route=%2Fwp%2Fv2%2Fcomments&post=38"}],"version-history":[{"count":31,"href":"http:\/\/steuerkanzlei-vonhollen.de\/index.php?rest_route=\/wp\/v2\/pages\/38\/revisions"}],"predecessor-version":[{"id":805,"href":"http:\/\/steuerkanzlei-vonhollen.de\/index.php?rest_route=\/wp\/v2\/pages\/38\/revisions\/805"}],"wp:attachment":[{"href":"http:\/\/steuerkanzlei-vonhollen.de\/index.php?rest_route=%2Fwp%2Fv2%2Fmedia&parent=38"}],"curies":[{"name":"wp","href":"https:\/\/api.w.org\/{rel}","templated":true}]}}